{"id":57,"date":"2024-12-30T12:53:52","date_gmt":"2024-12-30T20:53:52","guid":{"rendered":"https:\/\/socodsa.org\/?page_id=57"},"modified":"2025-12-03T13:45:56","modified_gmt":"2025-12-03T21:45:56","slug":"join-dsa","status":"publish","type":"page","link":"https:\/\/socodsa.org\/es\/unete-ala-dsa\/","title":{"rendered":"\u00a1\u00danete a la DSA!"},"content":{"rendered":"\r\n\r\n<p>La DSA es la organizaci\u00f3n socialista m\u00e1s grande de Estados Unidos. \u00danete a la \u00fanica organizaci\u00f3n pol\u00edtica estadounidense dise\u00f1ada para la clase trabajadora, no solo para los ricos.<\/p>\r\n\r\n\r\n\r\n\r\n<p class=\"has-x-large-font-size\"><a href=\"http:\/\/go.dsausa.org\/sonomacounty\"><strong>\u00a1\u00danete a la DSA hoy mismo!<\/strong><\/a><\/p><\/p>\r\n\r\n\r\n\r\n<p>Te animamos a que te inscribas para pagar <strong>cuotas mensuales<\/strong>, en lugar de anuales. \u00a1Recibimos el 20% de los pagos mensuales para reinvertirlos en nuestra comunidad aqu\u00ed, en el condado de Sonoma!<\/p>\r\n\r\n\r\n\r\n\r\n<p>Tus cuotas pueden ser tan bajas como <strong>2 d\u00f3lares al mes<\/strong>, o puedes solicitar una exenci\u00f3n de cuotas <a href=\"https:\/\/act.dsausa.org\/survey\/dueswaiver\/\">aqu\u00ed<\/a>. Los miembros exentos de cuotas reciben los mismos beneficios que los miembros que pagan.<\/pa>\r\n\r\n\r\n\r\n\r\n\r\n<p>Como miembro, recibir\u00e1s los beneficios nacionales de DSA, tendr\u00e1s acceso completo a nuestro Discord, podr\u00e1s unirte a comit\u00e9s y grupos de trabajo, y tendr\u00e1s voz en las reuniones y elecciones.<\/p>\r\n\r\n\r\n\r\n\r\n\r\n<p>\u00bfA\u00fan no est\u00e1s listo para unirte? Nuestras reuniones y eventos sociales son gratuitos y abiertos a todos. \u00a1Echa un vistazo a <a href=\"https:\/\/socodsa.org\/event-calendar\/\">nuestro calendario<\/a> para obtener m\u00e1s informaci\u00f3n!<\/p>","protected":false},"excerpt":{"rendered":"<p>La DSA es la organizaci\u00f3n socialista m\u00e1s grande de Estados Unidos. \u00danete a la \u00fanica organizaci\u00f3n pol\u00edtica estadounidense dise\u00f1ada para la clase trabajadora, no solo para los ricos. \u00a1\u00danete a la DSA hoy mismo! Te animamos a que te inscribas para pagar cuotas mensuales, en lugar de anuales. \u00a1Recibimos el 20% de los pagos mensuales [&hellip;]<\/p>\n","protected":false},"author":9,"featured_media":0,"parent":0,"menu_order":0,"comment_status":"closed","ping_status":"closed","template":"elementor_theme","meta":{"footnotes":""},"class_list":["post-57","page","type-page","status-publish","hentry"],"blocksy_meta":[],"yoast_head":"<!-- This site is optimized with the Yoast SEO plugin v27.5 - https:\/\/yoast.com\/product\/yoast-seo-wordpress\/ -->\n<title>\u00a1\u00danete a la DSA!<\/title>\n<meta name=\"description\" content=\"La DSA es la organizaci\u00f3n socialista m\u00e1s grande de Estados Unidos. \u00danete a la \u00fanica organizaci\u00f3n pol\u00edtica estadounidense dise\u00f1ada para la clase trabajadora, no solo para los ricos. \u00a1\u00danete a la DSA hoy mismo! Te animamos a que te inscribas para pagar cuotas mensuales, en lugar de anuales. \u00a1Recibimos el 20% de los pagos mensuales&hellip;\" \/>\n<meta name=\"robots\" content=\"index, follow, max-snippet:-1, max-image-preview:large, max-video-preview:-1\" \/>\n<link rel=\"canonical\" href=\"http:\/\/La%20DSA%20es%20la%20organizaci\u00f3n%20socialista%20m\u00e1s%20grande%20de%20Estados%20Unidos.%20\u00danete%20a%20la%20\u00fanica%20organizaci\u00f3n%20pol\u00edtica%20estadounidense%20dise\u00f1ada%20para%20la%20clase%20trabajadora,%20no%20solo%20para%20los%20ricos.%20\u00a1\u00danete%20a%20la%20DSA%20hoy%20mismo!%20Te%20animamos%20a%20que%20te%20inscribas%20para%20pagar%20cuotas%20mensuales,%20en%20lugar%20de%20anuales.%20\u00a1Recibimos%20el%2020%%20de%20los%20pagos%20mensuales&hellip;\" \/>\n<meta property=\"og:locale\" content=\"es_MX\" \/>\n<meta property=\"og:type\" content=\"article\" \/>\n<meta property=\"og:title\" content=\"\u00a1\u00danete a la DSA!\" \/>\n<meta property=\"og:description\" content=\"La DSA es la organizaci\u00f3n socialista m\u00e1s grande de Estados Unidos. \u00danete a la \u00fanica organizaci\u00f3n pol\u00edtica estadounidense dise\u00f1ada para la clase trabajadora, no solo para los ricos. \u00a1\u00danete a la DSA hoy mismo! Te animamos a que te inscribas para pagar cuotas mensuales, en lugar de anuales. \u00a1Recibimos el 20% de los pagos mensuales&hellip;\" \/>\n<meta property=\"og:url\" content=\"https:\/\/socodsa.org\/es\/unete-ala-dsa\/\" \/>\n<meta property=\"og:site_name\" content=\"Sonoma County Democratic Socialists of America\" \/>\n<meta property=\"article:modified_time\" content=\"2025-12-03T21:45:56+00:00\" \/>\n<meta name=\"twitter:card\" content=\"summary_large_image\" \/>\n<meta name=\"twitter:label1\" content=\"Tiempo de lectura\" \/>\n\t<meta name=\"twitter:data1\" content=\"1 minuto\" \/>\n<script type=\"application\/ld+json\" class=\"yoast-schema-graph\">{\"@context\":\"https:\\\/\\\/schema.org\",\"@graph\":[{\"@type\":\"WebPage\",\"@id\":\"https:\\\/\\\/socodsa.org\\\/es\\\/unete-ala-dsa\\\/\",\"url\":\"https:\\\/\\\/socodsa.org\\\/es\\\/unete-ala-dsa\\\/\",\"name\":\"Join DSA! - Sonoma County Democratic Socialists of America\",\"isPartOf\":{\"@id\":\"https:\\\/\\\/socodsa.org\\\/#website\"},\"datePublished\":\"2024-12-30T20:53:52+00:00\",\"dateModified\":\"2025-12-03T21:45:56+00:00\",\"description\":\"Join SoCo DSA and help us build a better world.\",\"breadcrumb\":{\"@id\":\"https:\\\/\\\/socodsa.org\\\/es\\\/unete-ala-dsa\\\/#breadcrumb\"},\"inLanguage\":\"es\",\"potentialAction\":[{\"@type\":\"ReadAction\",\"target\":[\"https:\\\/\\\/socodsa.org\\\/es\\\/unete-ala-dsa\\\/\"]}]},{\"@type\":\"BreadcrumbList\",\"@id\":\"https:\\\/\\\/socodsa.org\\\/es\\\/unete-ala-dsa\\\/#breadcrumb\",\"itemListElement\":[{\"@type\":\"ListItem\",\"position\":1,\"name\":\"P\u00e1gina Principal\",\"item\":\"https:\\\/\\\/socodsa.org\\\/\"},{\"@type\":\"ListItem\",\"position\":2,\"name\":\"\u00a1\u00danete a la DSA!\"}]},{\"@type\":\"WebSite\",\"@id\":\"https:\\\/\\\/socodsa.org\\\/es\\\/#website\",\"url\":\"https:\\\/\\\/socodsa.org\\\/es\\\/\",\"name\":\"Sonoma County Democratic Socialists of America\",\"description\":\"Socialism, it&#039;s how we were meant to live together!\",\"publisher\":{\"@id\":\"https:\\\/\\\/socodsa.org\\\/es\\\/#organization\"},\"potentialAction\":[{\"@type\":\"SearchAction\",\"target\":{\"@type\":\"EntryPoint\",\"urlTemplate\":\"https:\\\/\\\/socodsa.org\\\/es\\\/?s={search_term_string}\"},\"query-input\":{\"@type\":\"PropertyValueSpecification\",\"valueRequired\":true,\"valueName\":\"search_term_string\"}}],\"inLanguage\":\"es\"},{\"@type\":\"Organization\",\"@id\":\"https:\\\/\\\/socodsa.org\\\/es\\\/#organization\",\"name\":\"Sonoma County Democratic Socialists of America\",\"url\":\"https:\\\/\\\/socodsa.org\\\/es\\\/\",\"logo\":{\"@type\":\"ImageObject\",\"inLanguage\":\"es\",\"@id\":\"https:\\\/\\\/socodsa.org\\\/es\\\/#\\\/schema\\\/logo\\\/image\\\/\",\"url\":\"https:\\\/\\\/socodsa.org\\\/wp-content\\\/uploads\\\/2025\\\/03\\\/cropped-socodsa-logo-full.webp\",\"contentUrl\":\"https:\\\/\\\/socodsa.org\\\/wp-content\\\/uploads\\\/2025\\\/03\\\/cropped-socodsa-logo-full.webp\",\"width\":512,\"height\":512,\"caption\":\"Sonoma County Democratic Socialists of America\"},\"image\":{\"@id\":\"https:\\\/\\\/socodsa.org\\\/es\\\/#\\\/schema\\\/logo\\\/image\\\/\"}}]}<\/script>\n<!-- \/ Yoast SEO plugin. -->","yoast_head_json":{"title":"\u00a1\u00danete a la DSA!","description":"La DSA es la organizaci\u00f3n socialista m\u00e1s grande de Estados Unidos. \u00danete a la \u00fanica organizaci\u00f3n pol\u00edtica estadounidense dise\u00f1ada para la clase trabajadora, no solo para los ricos. \u00a1\u00danete a la DSA hoy mismo! Te animamos a que te inscribas para pagar cuotas mensuales, en lugar de anuales. \u00a1Recibimos el 20% de los pagos mensuales&hellip;","robots":{"index":"index","follow":"follow","max-snippet":"max-snippet:-1","max-image-preview":"max-image-preview:large","max-video-preview":"max-video-preview:-1"},"canonical":"La DSA es la organizaci\u00f3n socialista m\u00e1s grande de Estados Unidos. \u00danete a la \u00fanica organizaci\u00f3n pol\u00edtica estadounidense dise\u00f1ada para la clase trabajadora, no solo para los ricos. \u00a1\u00danete a la DSA hoy mismo! Te animamos a que te inscribas para pagar cuotas mensuales, en lugar de anuales. \u00a1Recibimos el 20% de los pagos mensuales&hellip;","og_locale":"es_MX","og_type":"article","og_title":"\u00a1\u00danete a la DSA!","og_description":"La DSA es la organizaci\u00f3n socialista m\u00e1s grande de Estados Unidos. \u00danete a la \u00fanica organizaci\u00f3n pol\u00edtica estadounidense dise\u00f1ada para la clase trabajadora, no solo para los ricos. \u00a1\u00danete a la DSA hoy mismo! Te animamos a que te inscribas para pagar cuotas mensuales, en lugar de anuales. \u00a1Recibimos el 20% de los pagos mensuales&hellip;","og_url":"https:\/\/socodsa.org\/es\/unete-ala-dsa\/","og_site_name":"Sonoma County Democratic Socialists of America","article_modified_time":"2025-12-03T21:45:56+00:00","twitter_card":"summary_large_image","twitter_misc":{"Tiempo de lectura":"1 minuto"},"schema":{"@context":"https:\/\/schema.org","@graph":[{"@type":"WebPage","@id":"https:\/\/socodsa.org\/es\/unete-ala-dsa\/","url":"https:\/\/socodsa.org\/es\/unete-ala-dsa\/","name":"Join DSA! - Sonoma County Democratic Socialists of America","isPartOf":{"@id":"https:\/\/socodsa.org\/#website"},"datePublished":"2024-12-30T20:53:52+00:00","dateModified":"2025-12-03T21:45:56+00:00","description":"Join SoCo DSA and help us build a better world.","breadcrumb":{"@id":"https:\/\/socodsa.org\/es\/unete-ala-dsa\/#breadcrumb"},"inLanguage":"es","potentialAction":[{"@type":"ReadAction","target":["https:\/\/socodsa.org\/es\/unete-ala-dsa\/"]}]},{"@type":"BreadcrumbList","@id":"https:\/\/socodsa.org\/es\/unete-ala-dsa\/#breadcrumb","itemListElement":[{"@type":"ListItem","position":1,"name":"P\u00e1gina Principal","item":"https:\/\/socodsa.org\/"},{"@type":"ListItem","position":2,"name":"\u00a1\u00danete a la DSA!"}]},{"@type":"WebSite","@id":"https:\/\/socodsa.org\/es\/#website","url":"https:\/\/socodsa.org\/es\/","name":"Sonoma County Democratic Socialists of America","description":"Socialism, it&#039;s how we were meant to live together!","publisher":{"@id":"https:\/\/socodsa.org\/es\/#organization"},"potentialAction":[{"@type":"SearchAction","target":{"@type":"EntryPoint","urlTemplate":"https:\/\/socodsa.org\/es\/?s={search_term_string}"},"query-input":{"@type":"PropertyValueSpecification","valueRequired":true,"valueName":"search_term_string"}}],"inLanguage":"es"},{"@type":"Organization","@id":"https:\/\/socodsa.org\/es\/#organization","name":"Sonoma County Democratic Socialists of America","url":"https:\/\/socodsa.org\/es\/","logo":{"@type":"ImageObject","inLanguage":"es","@id":"https:\/\/socodsa.org\/es\/#\/schema\/logo\/image\/","url":"https:\/\/socodsa.org\/wp-content\/uploads\/2025\/03\/cropped-socodsa-logo-full.webp","contentUrl":"https:\/\/socodsa.org\/wp-content\/uploads\/2025\/03\/cropped-socodsa-logo-full.webp","width":512,"height":512,"caption":"Sonoma County Democratic Socialists of America"},"image":{"@id":"https:\/\/socodsa.org\/es\/#\/schema\/logo\/image\/"}}]}},"_links":{"self":[{"href":"https:\/\/socodsa.org\/es\/wp-json\/wp\/v2\/pages\/57","targetHints":{"allow":["GET"]}}],"collection":[{"href":"https:\/\/socodsa.org\/es\/wp-json\/wp\/v2\/pages"}],"about":[{"href":"https:\/\/socodsa.org\/es\/wp-json\/wp\/v2\/types\/page"}],"author":[{"embeddable":true,"href":"https:\/\/socodsa.org\/es\/wp-json\/wp\/v2\/users\/9"}],"replies":[{"embeddable":true,"href":"https:\/\/socodsa.org\/es\/wp-json\/wp\/v2\/comments?post=57"}],"version-history":[{"count":40,"href":"https:\/\/socodsa.org\/es\/wp-json\/wp\/v2\/pages\/57\/revisions"}],"predecessor-version":[{"id":1182,"href":"https:\/\/socodsa.org\/es\/wp-json\/wp\/v2\/pages\/57\/revisions\/1182"}],"wp:attachment":[{"href":"https:\/\/socodsa.org\/es\/wp-json\/wp\/v2\/media?parent=57"}],"curies":[{"name":"wp","href":"https:\/\/api.w.org\/{rel}","templated":true}]}}